{"id":1129,"date":"2017-07-25T16:00:19","date_gmt":"2017-07-25T19:00:19","guid":{"rendered":"http:\/\/convertanaweb.com.br\/agencia\/"},"modified":"2023-09-14T18:04:10","modified_gmt":"2023-09-14T21:04:10","slug":"agencia","status":"publish","type":"page","link":"https:\/\/convertanaweb.com.br\/en\/agencia\/","title":{"rendered":"Agency"},"content":{"rendered":"<h2>Converta:<br \/>\n<span style=\"color: #ffb400;\">Converts.<\/span><\/h2>\n<p>If you are looking for 100% digital experts focused on optimizing online results, nice to meet you! We are here to help your business grow on the web.<\/p>\n","protected":false},"excerpt":{"rendered":"<p>Converta: Converts. If you are looking for 100% digital experts focused on optimizing online results, nice to meet you! We are here to help your business grow on the web.<\/p>\n","protected":false},"author":1,"featured_media":0,"parent":0,"menu_order":0,"comment_status":"closed","ping_status":"closed","template":"","meta":[],"acf":[],"yoast_head":"<!-- This site is optimized with the Yoast SEO plugin v20.4 - https:\/\/yoast.com\/wordpress\/plugins\/seo\/ -->\n<title>Agency - Converta na Web<\/title>\n<meta name=\"description\" content=\"Ag\u00eancia de Marketing Digital completa. Consultorias, Inbound Marketing, Links Patrocinados, SEO, M\u00eddias Sociais, Conte\u00fado, Sites, Portais, Landing Pages.\" \/>\n<meta name=\"robots\" content=\"index, follow, max-snippet:-1, max-image-preview:large, max-video-preview:-1\" \/>\n<link rel=\"canonical\" href=\"https:\/\/convertanaweb.com.br\/en\/agencia\/\" \/>\n<meta property=\"og:locale\" content=\"en_US\" \/>\n<meta property=\"og:type\" content=\"article\" \/>\n<meta property=\"og:title\" content=\"Agency - Converta na Web\" \/>\n<meta property=\"og:description\" content=\"Ag\u00eancia de Marketing Digital completa. Consultorias, Inbound Marketing, Links Patrocinados, SEO, M\u00eddias Sociais, Conte\u00fado, Sites, Portais, Landing Pages.\" \/>\n<meta property=\"og:url\" content=\"https:\/\/convertanaweb.com.br\/en\/agencia\/\" \/>\n<meta property=\"og:site_name\" content=\"Converta na Web\" \/>\n<meta property=\"article:modified_time\" content=\"2023-09-14T21:04:10+00:00\" \/>\n<meta name=\"twitter:card\" content=\"summary_large_image\" \/>\n<meta name=\"twitter:label1\" content=\"Est. reading time\" \/>\n\t<meta name=\"twitter:data1\" content=\"1 minute\" \/>\n<script type=\"application\/ld+json\" class=\"yoast-schema-graph\">{\"@context\":\"https:\/\/schema.org\",\"@graph\":[{\"@type\":\"WebPage\",\"@id\":\"https:\/\/convertanaweb.com.br\/en\/agencia\/\",\"url\":\"https:\/\/convertanaweb.com.br\/en\/agencia\/\",\"name\":\"Agency - Converta na Web\",\"isPartOf\":{\"@id\":\"https:\/\/convertanaweb.com.br\/en\/#website\"},\"datePublished\":\"2017-07-25T19:00:19+00:00\",\"dateModified\":\"2023-09-14T21:04:10+00:00\",\"description\":\"Ag\u00eancia de Marketing Digital completa. Consultorias, Inbound Marketing, Links Patrocinados, SEO, M\u00eddias Sociais, Conte\u00fado, Sites, Portais, Landing Pages.\",\"breadcrumb\":{\"@id\":\"https:\/\/convertanaweb.com.br\/en\/agencia\/#breadcrumb\"},\"inLanguage\":\"en-US\",\"potentialAction\":[{\"@type\":\"ReadAction\",\"target\":[\"https:\/\/convertanaweb.com.br\/en\/agencia\/\"]}]},{\"@type\":\"BreadcrumbList\",\"@id\":\"https:\/\/convertanaweb.com.br\/en\/agencia\/#breadcrumb\",\"itemListElement\":[{\"@type\":\"ListItem\",\"position\":1,\"name\":\"In\u00edcio\",\"item\":\"https:\/\/convertanaweb.com.br\/en\/\"},{\"@type\":\"ListItem\",\"position\":2,\"name\":\"Agency\"}]},{\"@type\":\"WebSite\",\"@id\":\"https:\/\/convertanaweb.com.br\/en\/#website\",\"url\":\"https:\/\/convertanaweb.com.br\/en\/\",\"name\":\"Converta na Web\",\"description\":\"Ag\u00eancia de Marketing Digital\",\"potentialAction\":[{\"@type\":\"SearchAction\",\"target\":{\"@type\":\"EntryPoint\",\"urlTemplate\":\"https:\/\/convertanaweb.com.br\/en\/?s={search_term_string}\"},\"query-input\":\"required name=search_term_string\"}],\"inLanguage\":\"en-US\"}]}<\/script>\n<!-- \/ Yoast SEO plugin. -->","yoast_head_json":{"title":"Agency - Converta na Web","description":"Ag\u00eancia de Marketing Digital completa. Consultorias, Inbound Marketing, Links Patrocinados, SEO, M\u00eddias Sociais, Conte\u00fado, Sites, Portais, Landing Pages.","robots":{"index":"index","follow":"follow","max-snippet":"max-snippet:-1","max-image-preview":"max-image-preview:large","max-video-preview":"max-video-preview:-1"},"canonical":"https:\/\/convertanaweb.com.br\/en\/agencia\/","og_locale":"en_US","og_type":"article","og_title":"Agency - Converta na Web","og_description":"Ag\u00eancia de Marketing Digital completa. Consultorias, Inbound Marketing, Links Patrocinados, SEO, M\u00eddias Sociais, Conte\u00fado, Sites, Portais, Landing Pages.","og_url":"https:\/\/convertanaweb.com.br\/en\/agencia\/","og_site_name":"Converta na Web","article_modified_time":"2023-09-14T21:04:10+00:00","twitter_card":"summary_large_image","twitter_misc":{"Est. reading time":"1 minute"},"schema":{"@context":"https:\/\/schema.org","@graph":[{"@type":"WebPage","@id":"https:\/\/convertanaweb.com.br\/en\/agencia\/","url":"https:\/\/convertanaweb.com.br\/en\/agencia\/","name":"Agency - Converta na Web","isPartOf":{"@id":"https:\/\/convertanaweb.com.br\/en\/#website"},"datePublished":"2017-07-25T19:00:19+00:00","dateModified":"2023-09-14T21:04:10+00:00","description":"Ag\u00eancia de Marketing Digital completa. Consultorias, Inbound Marketing, Links Patrocinados, SEO, M\u00eddias Sociais, Conte\u00fado, Sites, Portais, Landing Pages.","breadcrumb":{"@id":"https:\/\/convertanaweb.com.br\/en\/agencia\/#breadcrumb"},"inLanguage":"en-US","potentialAction":[{"@type":"ReadAction","target":["https:\/\/convertanaweb.com.br\/en\/agencia\/"]}]},{"@type":"BreadcrumbList","@id":"https:\/\/convertanaweb.com.br\/en\/agencia\/#breadcrumb","itemListElement":[{"@type":"ListItem","position":1,"name":"In\u00edcio","item":"https:\/\/convertanaweb.com.br\/en\/"},{"@type":"ListItem","position":2,"name":"Agency"}]},{"@type":"WebSite","@id":"https:\/\/convertanaweb.com.br\/en\/#website","url":"https:\/\/convertanaweb.com.br\/en\/","name":"Converta na Web","description":"Ag\u00eancia de Marketing Digital","potentialAction":[{"@type":"SearchAction","target":{"@type":"EntryPoint","urlTemplate":"https:\/\/convertanaweb.com.br\/en\/?s={search_term_string}"},"query-input":"required name=search_term_string"}],"inLanguage":"en-US"}]}},"_links":{"self":[{"href":"https:\/\/convertanaweb.com.br\/en\/wp-json\/wp\/v2\/pages\/1129"}],"collection":[{"href":"https:\/\/convertanaweb.com.br\/en\/wp-json\/wp\/v2\/pages"}],"about":[{"href":"https:\/\/convertanaweb.com.br\/en\/wp-json\/wp\/v2\/types\/page"}],"author":[{"embeddable":true,"href":"https:\/\/convertanaweb.com.br\/en\/wp-json\/wp\/v2\/users\/1"}],"replies":[{"embeddable":true,"href":"https:\/\/convertanaweb.com.br\/en\/wp-json\/wp\/v2\/comments?post=1129"}],"version-history":[{"count":16,"href":"https:\/\/convertanaweb.com.br\/en\/wp-json\/wp\/v2\/pages\/1129\/revisions"}],"predecessor-version":[{"id":2987,"href":"https:\/\/convertanaweb.com.br\/en\/wp-json\/wp\/v2\/pages\/1129\/revisions\/2987"}],"wp:attachment":[{"href":"https:\/\/convertanaweb.com.br\/en\/wp-json\/wp\/v2\/media?parent=1129"}],"curies":[{"name":"wp","href":"https:\/\/api.w.org\/{rel}","templated":true}]}}