{"id":1149,"date":"2017-07-25T16:01:18","date_gmt":"2017-07-25T19:01:18","guid":{"rendered":"http:\/\/convertanaweb.com.br\/clube\/"},"modified":"2023-09-14T18:15:38","modified_gmt":"2023-09-14T21:15:38","slug":"clube-de-inovacao-digital","status":"publish","type":"page","link":"https:\/\/convertanaweb.com.br\/en\/clube-de-inovacao-digital\/","title":{"rendered":"Club"},"content":{"rendered":"<h2>Digital Innovation<br \/>\n<span style=\"color: #f5b900;\">Club<br \/>\n<\/span><\/h2>\n<p>Ever wondered which digital strategies are hitting the bullseye and which ones are falling short for businesses? What challenges do organizations face in the online landscape? Imagine a collaborative group that facilitates the exchange of experiences, helping all participants optimize their results. Well, it exists.<\/p>\n<p>The <strong>Digital Innovation Club<\/strong> has chosen Paran\u00e1, South Brazil, as its pilot region, bringing together the state&#8217;s leading corporations. <strong>Converta na Web<\/strong> is proud to be a part of this initiative&#8217;s council. Our regular meetings delve into real-market scenarios, trend analysis, and much more. Join us and be part of the digital transformation journey!<\/p>\n","protected":false},"excerpt":{"rendered":"<p>Digital Innovation Club Ever wondered which digital strategies are hitting the bullseye and which ones are falling short for businesses? What challenges do organizations face in the online landscape? Imagine a collaborative group that facilitates the exchange of experiences, helping all participants optimize their results. Well, it exists. The Digital Innovation Club has chosen Paran\u00e1, [&hellip;]<\/p>\n","protected":false},"author":1,"featured_media":1601,"parent":0,"menu_order":0,"comment_status":"closed","ping_status":"closed","template":"","meta":[],"acf":[],"yoast_head":"<!-- This site is optimized with the Yoast SEO plugin v20.4 - https:\/\/yoast.com\/wordpress\/plugins\/seo\/ -->\n<title>Club - Converta na Web<\/title>\n<meta name=\"description\" content=\"The Digital Marketing Club brings together the main corporations of the State of Paran\u00e1, in Brazil. We have periodic meetings to discuss real cases, market situations, trend analysis and more.\" \/>\n<meta name=\"robots\" content=\"index, follow, max-snippet:-1, max-image-preview:large, max-video-preview:-1\" \/>\n<link rel=\"canonical\" href=\"https:\/\/convertanaweb.com.br\/en\/clube-de-inovacao-digital\/\" \/>\n<meta property=\"og:locale\" content=\"en_US\" \/>\n<meta property=\"og:type\" content=\"article\" \/>\n<meta property=\"og:title\" content=\"Clube de Marketing Digital - Converta na Web\" \/>\n<meta property=\"og:description\" content=\"O Clube de Marketing Digital do Paran\u00e1 re\u00fane as principais empresas do Estado. Os encontros debatem cases, situa\u00e7\u00f5es reais, tend\u00eancias e muito mais.\" \/>\n<meta property=\"og:url\" content=\"https:\/\/convertanaweb.com.br\/en\/clube-de-inovacao-digital\/\" \/>\n<meta property=\"og:site_name\" content=\"Converta na Web\" \/>\n<meta property=\"article:modified_time\" content=\"2023-09-14T21:15:38+00:00\" \/>\n<meta property=\"og:image\" content=\"http:\/\/convertanaweb.com.br\/wp-content\/uploads\/2017\/07\/clube-marketing-digital3.jpg\" \/>\n<meta name=\"twitter:card\" content=\"summary_large_image\" \/>\n<meta name=\"twitter:label1\" content=\"Est. reading time\" \/>\n\t<meta name=\"twitter:data1\" content=\"1 minute\" \/>\n<script type=\"application\/ld+json\" class=\"yoast-schema-graph\">{\"@context\":\"https:\/\/schema.org\",\"@graph\":[{\"@type\":\"WebPage\",\"@id\":\"https:\/\/convertanaweb.com.br\/en\/clube-de-inovacao-digital\/\",\"url\":\"https:\/\/convertanaweb.com.br\/en\/clube-de-inovacao-digital\/\",\"name\":\"Club - Converta na Web\",\"isPartOf\":{\"@id\":\"https:\/\/convertanaweb.com.br\/en\/#website\"},\"datePublished\":\"2017-07-25T19:01:18+00:00\",\"dateModified\":\"2023-09-14T21:15:38+00:00\",\"description\":\"The Digital Marketing Club brings together the main corporations of the State of Paran\u00e1, in Brazil. We have periodic meetings to discuss real cases, market situations, trend analysis and more.\",\"breadcrumb\":{\"@id\":\"https:\/\/convertanaweb.com.br\/en\/clube-de-inovacao-digital\/#breadcrumb\"},\"inLanguage\":\"en-US\",\"potentialAction\":[{\"@type\":\"ReadAction\",\"target\":[\"https:\/\/convertanaweb.com.br\/en\/clube-de-inovacao-digital\/\"]}]},{\"@type\":\"BreadcrumbList\",\"@id\":\"https:\/\/convertanaweb.com.br\/en\/clube-de-inovacao-digital\/#breadcrumb\",\"itemListElement\":[{\"@type\":\"ListItem\",\"position\":1,\"name\":\"In\u00edcio\",\"item\":\"https:\/\/convertanaweb.com.br\/en\/\"},{\"@type\":\"ListItem\",\"position\":2,\"name\":\"Club\"}]},{\"@type\":\"WebSite\",\"@id\":\"https:\/\/convertanaweb.com.br\/en\/#website\",\"url\":\"https:\/\/convertanaweb.com.br\/en\/\",\"name\":\"Converta na Web\",\"description\":\"Ag\u00eancia de Marketing Digital\",\"potentialAction\":[{\"@type\":\"SearchAction\",\"target\":{\"@type\":\"EntryPoint\",\"urlTemplate\":\"https:\/\/convertanaweb.com.br\/en\/?s={search_term_string}\"},\"query-input\":\"required name=search_term_string\"}],\"inLanguage\":\"en-US\"}]}<\/script>\n<!-- \/ Yoast SEO plugin. -->","yoast_head_json":{"title":"Club - Converta na Web","description":"The Digital Marketing Club brings together the main corporations of the State of Paran\u00e1, in Brazil. We have periodic meetings to discuss real cases, market situations, trend analysis and more.","robots":{"index":"index","follow":"follow","max-snippet":"max-snippet:-1","max-image-preview":"max-image-preview:large","max-video-preview":"max-video-preview:-1"},"canonical":"https:\/\/convertanaweb.com.br\/en\/clube-de-inovacao-digital\/","og_locale":"en_US","og_type":"article","og_title":"Clube de Marketing Digital - Converta na Web","og_description":"O Clube de Marketing Digital do Paran\u00e1 re\u00fane as principais empresas do Estado. Os encontros debatem cases, situa\u00e7\u00f5es reais, tend\u00eancias e muito mais.","og_url":"https:\/\/convertanaweb.com.br\/en\/clube-de-inovacao-digital\/","og_site_name":"Converta na Web","article_modified_time":"2023-09-14T21:15:38+00:00","og_image":[{"url":"http:\/\/convertanaweb.com.br\/wp-content\/uploads\/2017\/07\/clube-marketing-digital3.jpg"}],"twitter_card":"summary_large_image","twitter_misc":{"Est. reading time":"1 minute"},"schema":{"@context":"https:\/\/schema.org","@graph":[{"@type":"WebPage","@id":"https:\/\/convertanaweb.com.br\/en\/clube-de-inovacao-digital\/","url":"https:\/\/convertanaweb.com.br\/en\/clube-de-inovacao-digital\/","name":"Club - Converta na Web","isPartOf":{"@id":"https:\/\/convertanaweb.com.br\/en\/#website"},"datePublished":"2017-07-25T19:01:18+00:00","dateModified":"2023-09-14T21:15:38+00:00","description":"The Digital Marketing Club brings together the main corporations of the State of Paran\u00e1, in Brazil. We have periodic meetings to discuss real cases, market situations, trend analysis and more.","breadcrumb":{"@id":"https:\/\/convertanaweb.com.br\/en\/clube-de-inovacao-digital\/#breadcrumb"},"inLanguage":"en-US","potentialAction":[{"@type":"ReadAction","target":["https:\/\/convertanaweb.com.br\/en\/clube-de-inovacao-digital\/"]}]},{"@type":"BreadcrumbList","@id":"https:\/\/convertanaweb.com.br\/en\/clube-de-inovacao-digital\/#breadcrumb","itemListElement":[{"@type":"ListItem","position":1,"name":"In\u00edcio","item":"https:\/\/convertanaweb.com.br\/en\/"},{"@type":"ListItem","position":2,"name":"Club"}]},{"@type":"WebSite","@id":"https:\/\/convertanaweb.com.br\/en\/#website","url":"https:\/\/convertanaweb.com.br\/en\/","name":"Converta na Web","description":"Ag\u00eancia de Marketing Digital","potentialAction":[{"@type":"SearchAction","target":{"@type":"EntryPoint","urlTemplate":"https:\/\/convertanaweb.com.br\/en\/?s={search_term_string}"},"query-input":"required name=search_term_string"}],"inLanguage":"en-US"}]}},"_links":{"self":[{"href":"https:\/\/convertanaweb.com.br\/en\/wp-json\/wp\/v2\/pages\/1149"}],"collection":[{"href":"https:\/\/convertanaweb.com.br\/en\/wp-json\/wp\/v2\/pages"}],"about":[{"href":"https:\/\/convertanaweb.com.br\/en\/wp-json\/wp\/v2\/types\/page"}],"author":[{"embeddable":true,"href":"https:\/\/convertanaweb.com.br\/en\/wp-json\/wp\/v2\/users\/1"}],"replies":[{"embeddable":true,"href":"https:\/\/convertanaweb.com.br\/en\/wp-json\/wp\/v2\/comments?post=1149"}],"version-history":[{"count":7,"href":"https:\/\/convertanaweb.com.br\/en\/wp-json\/wp\/v2\/pages\/1149\/revisions"}],"predecessor-version":[{"id":2989,"href":"https:\/\/convertanaweb.com.br\/en\/wp-json\/wp\/v2\/pages\/1149\/revisions\/2989"}],"wp:featuredmedia":[{"embeddable":true,"href":"https:\/\/convertanaweb.com.br\/en\/wp-json\/wp\/v2\/media\/1601"}],"wp:attachment":[{"href":"https:\/\/convertanaweb.com.br\/en\/wp-json\/wp\/v2\/media?parent=1149"}],"curies":[{"name":"wp","href":"https:\/\/api.w.org\/{rel}","templated":true}]}}